{"id":14086,"date":"2025-12-18T15:06:02","date_gmt":"2025-12-18T15:06:02","guid":{"rendered":"https:\/\/safarilodgetent.com\/datenschutzerklaerung\/"},"modified":"2026-01-07T13:42:17","modified_gmt":"2026-01-07T13:42:17","slug":"datenschutzerklaerung","status":"publish","type":"page","link":"https:\/\/safarilodgetent.com\/de\/datenschutzerklaerung\/","title":{"rendered":"Datenschutzerkl\u00e4rung"},"content":{"rendered":"\t\t<div data-elementor-type=\"wp-page\" data-elementor-id=\"14086\" class=\"elementor elementor-14086 elementor-14022\" data-elementor-post-type=\"page\">\n\t\t\t\t<div class=\"elementor-element elementor-element-ec28095 e-flex e-con-boxed e-con e-parent\" data-id=\"ec28095\" data-element_type=\"container\" data-e-type=\"container\" data-settings=\"{&quot;background_background&quot;:&quot;classic&quot;}\">\n\t\t\t\t\t<div class=\"e-con-inner\">\n\t\t\t\t\t<\/div>\n\t\t\t\t<\/div>\n\t\t<div class=\"elementor-element elementor-element-550a9ee e-flex e-con-boxed e-con e-parent\" data-id=\"550a9ee\" data-element_type=\"container\" data-e-type=\"container\">\n\t\t\t\t\t<div class=\"e-con-inner\">\n\t\t\t\t<div class=\"elementor-element elementor-element-209baa7 elementor-widget elementor-widget-text-editor\" data-id=\"209baa7\" data-element_type=\"widget\" data-e-type=\"widget\" data-widget_type=\"text-editor.default\">\n\t\t\t\t<div class=\"elementor-widget-container\">\n\t\t\t\t\t\t\t\t\t<p><strong>Safarilodgetent legt gro\u00dfen Wert auf den Schutz personenbezogener Daten. In dieser Datenschutzerkl\u00e4rung informieren wir Sie in klarer und transparenter Weise \u00fcber die Verarbeitung Ihrer personenbezogenen Daten sowie \u00fcber die Ma\u00dfnahmen, die wir ergreifen, um Ihre Privatsph\u00e4re zu sch\u00fctzen. <\/strong><\/p>\t\t\t\t\t\t\t\t<\/div>\n\t\t\t\t<\/div>\n\t\t\t\t<div class=\"elementor-element elementor-element-9b72c06 elementor-widget elementor-widget-text-editor\" data-id=\"9b72c06\" data-element_type=\"widget\" data-e-type=\"widget\" data-widget_type=\"text-editor.default\">\n\t\t\t\t<div class=\"elementor-widget-container\">\n\t\t\t\t\t\t\t\t\t<p>Safarilodgetent handelt jederzeit in \u00dcbereinstimmung mit den geltenden gesetzlichen Bestimmungen, insbesondere der Datenschutz-Grundverordnung (DSGVO). Dies bedeutet, dass wir mindestens Folgendes tun: <\/p><ul><li>Personenbezogene Daten ausschlie\u00dflich f\u00fcr die Zwecke verarbeiten, f\u00fcr die sie bereitgestellt wurden.<\/li><li>Nur die minimal erforderlichen Daten erheben, die f\u00fcr die Durchf\u00fchrung dieser Zwecke notwendig sind.<\/li><li>Ihre ausdr\u00fcckliche Einwilligung einholen, wenn dies f\u00fcr die Verarbeitung personenbezogener Daten erforderlich ist.<\/li><li>Geeignete technische und organisatorische Ma\u00dfnahmen treffen, um die Sicherheit personenbezogener Daten zu gew\u00e4hrleisten.<\/li><li>Daten nicht an Dritte weitergeben, es sei denn, dies ist f\u00fcr die Durchf\u00fchrung der vereinbarten Zwecke erforderlich.<\/li><li>Sie \u00fcber Ihre Rechte in Bezug auf Ihre personenbezogenen Daten informieren und diese respektieren.<\/li><\/ul><p>Als Teil der Vodatent B.V. sind wir f\u00fcr die Verarbeitung Ihrer personenbezogenen Daten verantwortlich. Fragen zu dieser Datenschutzerkl\u00e4rung k\u00f6nnen Sie \u00fcber unsere Kontaktseite oder \u00fcber die am Ende dieser Erkl\u00e4rung aufgef\u00fchrten Kontaktdaten stellen. <\/p>\t\t\t\t\t\t\t\t<\/div>\n\t\t\t\t<\/div>\n\t\t\t\t<div class=\"elementor-element elementor-element-86795fc elementor-widget elementor-widget-text-editor\" data-id=\"86795fc\" data-element_type=\"widget\" data-e-type=\"widget\" data-widget_type=\"text-editor.default\">\n\t\t\t\t<div class=\"elementor-widget-container\">\n\t\t\t\t\t\t\t\t\t<p><strong>Verarbeitung personenbezogener Daten von Kunden und Gesch\u00e4ftspartnern<\/strong><\/p><p>Wir verarbeiten Daten unserer Kunden und Gesch\u00e4ftspartner zu folgenden Zwecken:<\/p><ul><li>Administrative Verarbeitung.<\/li><li>Abwicklung von Buchungen und der damit verbundenen Kommunikation.<\/li><li>Pflege von Gesch\u00e4ftsbeziehungen und Kontakt.<\/li><\/ul><p>Die rechtliche Grundlage f\u00fcr diese Verarbeitung ist die Durchf\u00fchrung eines Vertrages. Die Daten, die wir hierf\u00fcr unter anderem erheben k\u00f6nnen, sind: <\/p><ul><li>Name und Adressdaten.<\/li><li>Gesch\u00e4ftliche Telefonnummer.<\/li><li>Gesch\u00e4ftliche E-Mail-Adresse.<\/li><li>Firmenname und Funktion.<\/li><li>Gegebenenfalls Geburtsdatum und Geschlecht.<\/li><\/ul><p>Personenbezogene Daten werden f\u00fcr einen Zeitraum von maximal 5 Jahren nach dem letzten Kontaktdatum gespeichert, zum Zweck der Korrespondenz, der Bearbeitung von Beschwerden, der Nachverfolgung von Buchungen und der Pflege von Gesch\u00e4ftsbeziehungen. Daten, die f\u00fcr die Finanzbuchhaltung erforderlich sind, werden maximal 7 Jahre gespeichert. <\/p>\t\t\t\t\t\t\t\t<\/div>\n\t\t\t\t<\/div>\n\t\t\t\t<div class=\"elementor-element elementor-element-217186a elementor-widget elementor-widget-text-editor\" data-id=\"217186a\" data-element_type=\"widget\" data-e-type=\"widget\" data-widget_type=\"text-editor.default\">\n\t\t\t\t<div class=\"elementor-widget-container\">\n\t\t\t\t\t\t\t\t\t<p><strong>Websitebesucher und Cookies<\/strong><\/p><p>Unsere Website kann besucht werden, ohne dass Sie personenbezogene Daten angeben m\u00fcssen. F\u00fcr eine optimale Nutzung der Website und zur Verbesserung unserer Dienstleistungen erheben wir anonymisierte Statistiken \u00fcber Ihren Besuch. Diese Daten erm\u00f6glichen keine pers\u00f6nliche Identifizierung. Hierf\u00fcr verwenden wir unter anderem Google Analytics, f\u00fcr das entsprechende Auftragsverarbeitungsvertr\u00e4ge abgeschlossen wurden.   <\/p><p>Unsere Website verwendet drei Arten von Cookies:<\/p><ul><li><strong>Funktionale Cookies:<\/strong> Speicherung von Pr\u00e4ferenzen und Anmeldedaten.<\/li><li><strong>Analytische Cookies:<\/strong> Anonymisierte Analyse des Besucherverhaltens.<\/li><li><strong>Marketing-Cookies:<\/strong> Anzeige personalisierter Werbung und Teilen von Inhalten \u00fcber soziale Medien. Marketing-Cookies werden nur nach Ihrer Zustimmung gesetzt. <\/li><\/ul><p>Daten, die Sie \u00fcber unsere Webformulare eingeben, verwenden wir zur Bearbeitung Ihrer Fragen und Anfragen. Die hierf\u00fcr abgefragten Basisdaten sind: <\/p><ul><li>Name.<\/li><li>Gesch\u00e4ftliche Telefonnummer.<\/li><li>Gesch\u00e4ftliche E-Mail-Adresse.<\/li><\/ul><p>Diese Daten werden f\u00fcr einen Zeitraum von maximal 5 Jahren gespeichert, um Ihre Anfrage zu bearbeiten und den Kontakt aufrechtzuerhalten.<\/p>\t\t\t\t\t\t\t\t<\/div>\n\t\t\t\t<\/div>\n\t\t\t\t<div class=\"elementor-element elementor-element-7040508 elementor-widget elementor-widget-text-editor\" data-id=\"7040508\" data-element_type=\"widget\" data-e-type=\"widget\" data-widget_type=\"text-editor.default\">\n\t\t\t\t<div class=\"elementor-widget-container\">\n\t\t\t\t\t\t\t\t\t<p><strong>Newsletter-Abonnenten<\/strong><\/p><p>Ihre E-Mail-Adresse kann f\u00fcr den Versand unseres Newsletters verwendet werden. Die Verarbeitung dieser Daten erfolgt ausschlie\u00dflich auf Grundlage Ihrer Einwilligung. Ihre Daten werden gespeichert, solange Sie den Newsletter abonniert haben.  <\/p>\t\t\t\t\t\t\t\t<\/div>\n\t\t\t\t<\/div>\n\t\t\t\t<div class=\"elementor-element elementor-element-3041f76 elementor-widget elementor-widget-text-editor\" data-id=\"3041f76\" data-element_type=\"widget\" data-e-type=\"widget\" data-widget_type=\"text-editor.default\">\n\t\t\t\t<div class=\"elementor-widget-container\">\n\t\t\t\t\t\t\t\t\t<p><strong>Weitergabe an Dritte<\/strong><\/p><p>Wir k\u00f6nnen Ihre Daten an Dritte weitergeben, sofern dies f\u00fcr die Durchf\u00fchrung der oben beschriebenen Zwecke erforderlich ist, beispielsweise f\u00fcr:<\/p><ul><li>IT- und Systemverwaltung.<\/li><li>Marketingaktivit\u00e4ten.<\/li><li>Finanzbuchhaltung.<\/li><li>Versand von Newslettern.<\/li><\/ul><p>Wir arbeiten ausschlie\u00dflich mit Dritten zusammen, mit denen ein Auftragsverarbeitungsvertrag abgeschlossen wurde und bei denen die erforderlichen Sicherheitsvereinbarungen getroffen wurden. Eine Weitergabe personenbezogener Daten an andere Parteien erfolgt nur mit Ihrer Einwilligung oder sofern dies gesetzlich zul\u00e4ssig ist. <\/p>\t\t\t\t\t\t\t\t<\/div>\n\t\t\t\t<\/div>\n\t\t\t\t<div class=\"elementor-element elementor-element-98488d4 elementor-widget elementor-widget-text-editor\" data-id=\"98488d4\" data-element_type=\"widget\" data-e-type=\"widget\" data-widget_type=\"text-editor.default\">\n\t\t\t\t<div class=\"elementor-widget-container\">\n\t\t\t\t\t\t\t\t\t<p><strong>Sicherheit personenbezogener Daten<\/strong><\/p><p>Wir haben geeignete Ma\u00dfnahmen getroffen, um Ihre personenbezogenen Daten vor Verlust, Missbrauch oder unbefugtem Zugriff zu sch\u00fctzen, wie zum Beispiel:<\/p><ul><li>Vertraulichkeitspflicht f\u00fcr alle Mitarbeiter und Dritten.<\/li><li>Richtlinien f\u00fcr Benutzernamen und Passw\u00f6rter.<\/li><li>Datensicherungen.<\/li><li>Regelm\u00e4\u00dfige \u00dcberpr\u00fcfung der Sicherheitsma\u00dfnahmen.<\/li><li>Information und Schulung der Mitarbeiter zum Datenschutz.<\/li><\/ul>\t\t\t\t\t\t\t\t<\/div>\n\t\t\t\t<\/div>\n\t\t\t\t<div class=\"elementor-element elementor-element-3caf49f elementor-widget elementor-widget-text-editor\" data-id=\"3caf49f\" data-element_type=\"widget\" data-e-type=\"widget\" data-widget_type=\"text-editor.default\">\n\t\t\t\t<div class=\"elementor-widget-container\">\n\t\t\t\t\t\t\t\t\t<p><strong>Ihre Rechte<\/strong><\/p><p>Sie haben das Recht auf:<\/p><ul><li>Auskunft \u00fcber Ihre personenbezogenen Daten.<\/li><li>Berichtigung oder L\u00f6schung Ihrer personenbezogenen Daten.<\/li><li>\u00dcbertragung Ihrer Daten an Sie selbst oder an eine andere Partei.<\/li><li>Widerspruch gegen die Verarbeitung Ihrer personenbezogenen Daten.<\/li><li>Widerruf einer zuvor erteilten Einwilligung.<\/li><\/ul><p>Zur Aus\u00fcbung dieser Rechte k\u00f6nnen wir Sie bitten, Ihre Identit\u00e4t zu \u00fcberpr\u00fcfen.<\/p>\t\t\t\t\t\t\t\t<\/div>\n\t\t\t\t<\/div>\n\t\t\t\t<div class=\"elementor-element elementor-element-e52a945 elementor-widget elementor-widget-text-editor\" data-id=\"e52a945\" data-element_type=\"widget\" data-e-type=\"widget\" data-widget_type=\"text-editor.default\">\n\t\t\t\t<div class=\"elementor-widget-container\">\n\t\t\t\t\t\t\t\t\t<p><strong>Beschwerden<\/strong><\/p><p>Wenn Sie eine Beschwerde \u00fcber die Verarbeitung Ihrer personenbezogenen Daten haben, k\u00f6nnen Sie sich an Safarilodgetent wenden. Sollten wir zu keiner L\u00f6sung gelangen, k\u00f6nnen Sie Ihre Beschwerde bei der niederl\u00e4ndischen Datenschutzbeh\u00f6rde einreichen. <\/p>\t\t\t\t\t\t\t\t<\/div>\n\t\t\t\t<\/div>\n\t\t\t\t<div class=\"elementor-element elementor-element-a305769 elementor-widget elementor-widget-text-editor\" data-id=\"a305769\" data-element_type=\"widget\" data-e-type=\"widget\" data-widget_type=\"text-editor.default\">\n\t\t\t\t<div class=\"elementor-widget-container\">\n\t\t\t\t\t\t\t\t\t<p><strong>Kontakt<\/strong><\/p><p>Bei Fragen oder Anmerkungen zu dieser Datenschutzerkl\u00e4rung k\u00f6nnen Sie uns kontaktieren \u00fcber:<\/p><p><strong>Safarilodgetent<\/strong><\/p><p><a href=\"tel:+31186700238\">+31 186 700 238<\/a><br><a href=\"mailto:info@safarilodgetent.com\">sales@safarilodgetent.com<\/a><\/p>\t\t\t\t\t\t\t\t<\/div>\n\t\t\t\t<\/div>\n\t\t\t\t\t<\/div>\n\t\t\t\t<\/div>\n\t\t\t\t<\/div>\n\t\t","protected":false},"excerpt":{"rendered":"<p>Safarilodgetent legt gro\u00dfen Wert auf den Schutz personenbezogener Daten. In dieser Datenschutzerkl\u00e4rung informieren wir Sie in klarer und transparenter Weise \u00fcber die Verarbeitung Ihrer personenbezogenen Daten sowie \u00fcber die Ma\u00dfnahmen, die wir ergreifen, um Ihre Privatsph\u00e4re zu sch\u00fctzen. Safarilodgetent handelt jederzeit in \u00dcbereinstimmung mit den geltenden gesetzlichen Bestimmungen, insbesondere der Datenschutz-Grundverordnung (DSGVO). Dies bedeutet, dass [&hellip;]<\/p>\n","protected":false},"author":1,"featured_media":0,"parent":0,"menu_order":0,"comment_status":"closed","ping_status":"closed","template":"elementor_header_footer","meta":{"_acf_changed":false,"footnotes":""},"class_list":["post-14086","page","type-page","status-publish","hentry"],"acf":[],"yoast_head":"<!-- This site is optimized with the Yoast SEO plugin v27.5 - https:\/\/yoast.com\/product\/yoast-seo-wordpress\/ -->\n<title>Datenschutzerkl\u00e4rung - safarilodgetent<\/title>\n<meta name=\"robots\" content=\"index, follow, max-snippet:-1, max-image-preview:large, max-video-preview:-1\" \/>\n<link rel=\"canonical\" href=\"https:\/\/safarilodgetent.com\/de\/datenschutzerklaerung\/\" \/>\n<meta property=\"og:locale\" content=\"de_DE\" \/>\n<meta property=\"og:type\" content=\"article\" \/>\n<meta property=\"og:title\" content=\"Datenschutzerkl\u00e4rung - safarilodgetent\" \/>\n<meta property=\"og:description\" content=\"Safarilodgetent legt gro\u00dfen Wert auf den Schutz personenbezogener Daten. In dieser Datenschutzerkl\u00e4rung informieren wir Sie in klarer und transparenter Weise \u00fcber die Verarbeitung Ihrer personenbezogenen Daten sowie \u00fcber die Ma\u00dfnahmen, die wir ergreifen, um Ihre Privatsph\u00e4re zu sch\u00fctzen. Safarilodgetent handelt jederzeit in \u00dcbereinstimmung mit den geltenden gesetzlichen Bestimmungen, insbesondere der Datenschutz-Grundverordnung (DSGVO). Dies bedeutet, dass [&hellip;]\" \/>\n<meta property=\"og:url\" content=\"https:\/\/safarilodgetent.com\/de\/datenschutzerklaerung\/\" \/>\n<meta property=\"og:site_name\" content=\"safarilodgetent\" \/>\n<meta property=\"article:publisher\" content=\"https:\/\/www.facebook.com\/people\/Safarilodgetent\/61556780636477\/\" \/>\n<meta property=\"article:modified_time\" content=\"2026-01-07T13:42:17+00:00\" \/>\n<meta name=\"twitter:card\" content=\"summary_large_image\" \/>\n<meta name=\"twitter:label1\" content=\"Gesch\u00e4tzte Lesezeit\" \/>\n\t<meta name=\"twitter:data1\" content=\"4\u00a0Minuten\" \/>\n<script type=\"application\/ld+json\" class=\"yoast-schema-graph\">{\"@context\":\"https:\\\/\\\/schema.org\",\"@graph\":[{\"@type\":\"WebPage\",\"@id\":\"https:\\\/\\\/safarilodgetent.com\\\/de\\\/datenschutzerklaerung\\\/\",\"url\":\"https:\\\/\\\/safarilodgetent.com\\\/de\\\/datenschutzerklaerung\\\/\",\"name\":\"Datenschutzerkl\u00e4rung - safarilodgetent\",\"isPartOf\":{\"@id\":\"https:\\\/\\\/safarilodgetent.com\\\/de\\\/#website\"},\"datePublished\":\"2025-12-18T15:06:02+00:00\",\"dateModified\":\"2026-01-07T13:42:17+00:00\",\"breadcrumb\":{\"@id\":\"https:\\\/\\\/safarilodgetent.com\\\/de\\\/datenschutzerklaerung\\\/#breadcrumb\"},\"inLanguage\":\"de\",\"potentialAction\":[{\"@type\":\"ReadAction\",\"target\":[\"https:\\\/\\\/safarilodgetent.com\\\/de\\\/datenschutzerklaerung\\\/\"]}]},{\"@type\":\"BreadcrumbList\",\"@id\":\"https:\\\/\\\/safarilodgetent.com\\\/de\\\/datenschutzerklaerung\\\/#breadcrumb\",\"itemListElement\":[{\"@type\":\"ListItem\",\"position\":1,\"name\":\"Home\",\"item\":\"https:\\\/\\\/safarilodgetent.com\\\/de\\\/\"},{\"@type\":\"ListItem\",\"position\":2,\"name\":\"Datenschutzerkl\u00e4rung\"}]},{\"@type\":\"WebSite\",\"@id\":\"https:\\\/\\\/safarilodgetent.com\\\/de\\\/#website\",\"url\":\"https:\\\/\\\/safarilodgetent.com\\\/de\\\/\",\"name\":\"Safarilodgetent\",\"description\":\"\",\"publisher\":{\"@id\":\"https:\\\/\\\/safarilodgetent.com\\\/de\\\/#organization\"},\"potentialAction\":[{\"@type\":\"SearchAction\",\"target\":{\"@type\":\"EntryPoint\",\"urlTemplate\":\"https:\\\/\\\/safarilodgetent.com\\\/de\\\/?s={search_term_string}\"},\"query-input\":{\"@type\":\"PropertyValueSpecification\",\"valueRequired\":true,\"valueName\":\"search_term_string\"}}],\"inLanguage\":\"de\"},{\"@type\":\"Organization\",\"@id\":\"https:\\\/\\\/safarilodgetent.com\\\/de\\\/#organization\",\"name\":\"Safarilodgetent\",\"url\":\"https:\\\/\\\/safarilodgetent.com\\\/de\\\/\",\"logo\":{\"@type\":\"ImageObject\",\"inLanguage\":\"de\",\"@id\":\"https:\\\/\\\/safarilodgetent.com\\\/de\\\/#\\\/schema\\\/logo\\\/image\\\/\",\"url\":\"https:\\\/\\\/safarilodgetent.com\\\/wp-content\\\/uploads\\\/2025\\\/04\\\/SAF_001_logo_DEF_RGB.png\",\"contentUrl\":\"https:\\\/\\\/safarilodgetent.com\\\/wp-content\\\/uploads\\\/2025\\\/04\\\/SAF_001_logo_DEF_RGB.png\",\"width\":389,\"height\":199,\"caption\":\"Safarilodgetent\"},\"image\":{\"@id\":\"https:\\\/\\\/safarilodgetent.com\\\/de\\\/#\\\/schema\\\/logo\\\/image\\\/\"},\"sameAs\":[\"https:\\\/\\\/www.facebook.com\\\/people\\\/Safarilodgetent\\\/61556780636477\\\/\",\"https:\\\/\\\/www.instagram.com\\\/safarilodgetent_official\\\/\",\"https:\\\/\\\/www.linkedin.com\\\/company\\\/safarilodgetent\\\/\"]}]}<\/script>\n<!-- \/ Yoast SEO plugin. -->","yoast_head_json":{"title":"Datenschutzerkl\u00e4rung - safarilodgetent","robots":{"index":"index","follow":"follow","max-snippet":"max-snippet:-1","max-image-preview":"max-image-preview:large","max-video-preview":"max-video-preview:-1"},"canonical":"https:\/\/safarilodgetent.com\/de\/datenschutzerklaerung\/","og_locale":"de_DE","og_type":"article","og_title":"Datenschutzerkl\u00e4rung - safarilodgetent","og_description":"Safarilodgetent legt gro\u00dfen Wert auf den Schutz personenbezogener Daten. In dieser Datenschutzerkl\u00e4rung informieren wir Sie in klarer und transparenter Weise \u00fcber die Verarbeitung Ihrer personenbezogenen Daten sowie \u00fcber die Ma\u00dfnahmen, die wir ergreifen, um Ihre Privatsph\u00e4re zu sch\u00fctzen. Safarilodgetent handelt jederzeit in \u00dcbereinstimmung mit den geltenden gesetzlichen Bestimmungen, insbesondere der Datenschutz-Grundverordnung (DSGVO). Dies bedeutet, dass [&hellip;]","og_url":"https:\/\/safarilodgetent.com\/de\/datenschutzerklaerung\/","og_site_name":"safarilodgetent","article_publisher":"https:\/\/www.facebook.com\/people\/Safarilodgetent\/61556780636477\/","article_modified_time":"2026-01-07T13:42:17+00:00","twitter_card":"summary_large_image","twitter_misc":{"Gesch\u00e4tzte Lesezeit":"4\u00a0Minuten"},"schema":{"@context":"https:\/\/schema.org","@graph":[{"@type":"WebPage","@id":"https:\/\/safarilodgetent.com\/de\/datenschutzerklaerung\/","url":"https:\/\/safarilodgetent.com\/de\/datenschutzerklaerung\/","name":"Datenschutzerkl\u00e4rung - safarilodgetent","isPartOf":{"@id":"https:\/\/safarilodgetent.com\/de\/#website"},"datePublished":"2025-12-18T15:06:02+00:00","dateModified":"2026-01-07T13:42:17+00:00","breadcrumb":{"@id":"https:\/\/safarilodgetent.com\/de\/datenschutzerklaerung\/#breadcrumb"},"inLanguage":"de","potentialAction":[{"@type":"ReadAction","target":["https:\/\/safarilodgetent.com\/de\/datenschutzerklaerung\/"]}]},{"@type":"BreadcrumbList","@id":"https:\/\/safarilodgetent.com\/de\/datenschutzerklaerung\/#breadcrumb","itemListElement":[{"@type":"ListItem","position":1,"name":"Home","item":"https:\/\/safarilodgetent.com\/de\/"},{"@type":"ListItem","position":2,"name":"Datenschutzerkl\u00e4rung"}]},{"@type":"WebSite","@id":"https:\/\/safarilodgetent.com\/de\/#website","url":"https:\/\/safarilodgetent.com\/de\/","name":"Safarilodgetent","description":"","publisher":{"@id":"https:\/\/safarilodgetent.com\/de\/#organization"},"potentialAction":[{"@type":"SearchAction","target":{"@type":"EntryPoint","urlTemplate":"https:\/\/safarilodgetent.com\/de\/?s={search_term_string}"},"query-input":{"@type":"PropertyValueSpecification","valueRequired":true,"valueName":"search_term_string"}}],"inLanguage":"de"},{"@type":"Organization","@id":"https:\/\/safarilodgetent.com\/de\/#organization","name":"Safarilodgetent","url":"https:\/\/safarilodgetent.com\/de\/","logo":{"@type":"ImageObject","inLanguage":"de","@id":"https:\/\/safarilodgetent.com\/de\/#\/schema\/logo\/image\/","url":"https:\/\/safarilodgetent.com\/wp-content\/uploads\/2025\/04\/SAF_001_logo_DEF_RGB.png","contentUrl":"https:\/\/safarilodgetent.com\/wp-content\/uploads\/2025\/04\/SAF_001_logo_DEF_RGB.png","width":389,"height":199,"caption":"Safarilodgetent"},"image":{"@id":"https:\/\/safarilodgetent.com\/de\/#\/schema\/logo\/image\/"},"sameAs":["https:\/\/www.facebook.com\/people\/Safarilodgetent\/61556780636477\/","https:\/\/www.instagram.com\/safarilodgetent_official\/","https:\/\/www.linkedin.com\/company\/safarilodgetent\/"]}]}},"_links":{"self":[{"href":"https:\/\/safarilodgetent.com\/de\/wp-json\/wp\/v2\/pages\/14086","targetHints":{"allow":["GET"]}}],"collection":[{"href":"https:\/\/safarilodgetent.com\/de\/wp-json\/wp\/v2\/pages"}],"about":[{"href":"https:\/\/safarilodgetent.com\/de\/wp-json\/wp\/v2\/types\/page"}],"author":[{"embeddable":true,"href":"https:\/\/safarilodgetent.com\/de\/wp-json\/wp\/v2\/users\/1"}],"replies":[{"embeddable":true,"href":"https:\/\/safarilodgetent.com\/de\/wp-json\/wp\/v2\/comments?post=14086"}],"version-history":[{"count":3,"href":"https:\/\/safarilodgetent.com\/de\/wp-json\/wp\/v2\/pages\/14086\/revisions"}],"predecessor-version":[{"id":14089,"href":"https:\/\/safarilodgetent.com\/de\/wp-json\/wp\/v2\/pages\/14086\/revisions\/14089"}],"wp:attachment":[{"href":"https:\/\/safarilodgetent.com\/de\/wp-json\/wp\/v2\/media?parent=14086"}],"curies":[{"name":"wp","href":"https:\/\/api.w.org\/{rel}","templated":true}]}}