{"id":13786,"date":"2025-12-09T08:36:52","date_gmt":"2025-12-09T08:36:52","guid":{"rendered":"https:\/\/safarilodgetent.com\/book-en-showroomaftale\/"},"modified":"2026-04-21T09:32:09","modified_gmt":"2026-04-21T09:32:09","slug":"book-en-showroomaftale","status":"publish","type":"page","link":"https:\/\/safarilodgetent.com\/da\/book-en-showroomaftale\/","title":{"rendered":"Book en showroomaftale"},"content":{"rendered":"\t\t<div data-elementor-type=\"wp-page\" data-elementor-id=\"13786\" class=\"elementor elementor-13786 elementor-13767\" data-elementor-post-type=\"page\">\n\t\t\t\t<div class=\"elementor-element elementor-element-cfe4e03 e-flex e-con-boxed e-con e-parent\" data-id=\"cfe4e03\" data-element_type=\"container\" data-e-type=\"container\">\n\t\t\t\t\t<div class=\"e-con-inner\">\n\t\t\t\t<div class=\"elementor-element elementor-element-12e75a4 elementor-align-left elementor-widget elementor-widget-raven-heading\" data-id=\"12e75a4\" data-element_type=\"widget\" data-e-type=\"widget\" data-widget_type=\"raven-heading.default\">\n\t\t\t\t<div class=\"elementor-widget-container\">\n\t\t\t\t\t\t\t<div class=\"raven-widget-wrapper\"><h3 class=\"raven-heading raven-heading-h3\"><span class=\"raven-heading-title \">Planl\u00e6g nemt din showroomaftale her:<\/span><\/h3><\/div>\n\t\t\t\t\t\t<\/div>\n\t\t\t\t<\/div>\n\t\t\t\t\t<\/div>\n\t\t\t\t<\/div>\n\t\t<div class=\"elementor-element elementor-element-3bc2b0f e-flex e-con-boxed e-con e-parent\" data-id=\"3bc2b0f\" data-element_type=\"container\" data-e-type=\"container\">\n\t\t\t\t\t<div class=\"e-con-inner\">\n\t\t\t\t<div class=\"elementor-element elementor-element-314d7dd elementor-widget elementor-widget-wpbc_widget_booking_form_1\" data-id=\"314d7dd\" data-element_type=\"widget\" data-e-type=\"widget\" data-widget_type=\"wpbc_widget_booking_form_1.default\">\n\t\t\t\t<div class=\"elementor-widget-container\">\n\t\t\t\t\t <div id=\"form_id757450375224\" class=\"wpbc_container wpbc_form wpbc_container_booking_form \" ><form id=\"booking_form1\" class=\"booking_form vertical\" method=\"post\" action=\"\"><div id=\"ajax_respond_insert1\" class=\"ajax_respond_insert\" style=\"display:none;\"><\/div><a name=\"bklnk1\" id=\"bklnk1\"><\/a><div id=\"booking_form_div1\" class=\"booking_form_div\"><style type=\"text\/css\">.wpbc_container_booking_form .block_hints, .wpbc_booking_form_simple.wpbc_form_center .wpbc__form__div .wpbc__row.wpbc_r_calendar, .wpbc_booking_form_simple .wpbc__form__div .wpbc__row:not(.wpbc_r_calendar){max-width:100%;} <\/style>\n<div class=\"wpbc_booking_form_simple \">\n  <div class=\"wpbc_wizard_step wpbc__form__div wpbc_wizard_step1\">\n    <div class=\"wpbc__row\">\n\t\t<div style=\"margin-top:0;\" class=\"wpbc__field\"> \n\t\t\t<div class=\"wpbc_r_calendar wpbc__row\">\n\t\t\t\t<div class=\"wpbc_r_calendar wpbc__field\"> <label>Selecteer datum*<\/label><br><div class=\"wpbc_calendar_wraper wpbc_change_over_triangle\"><div class=\"wpbc_cal_container bk_calendar_frame wpbc_no_custom_width  months_num_in_row_ cal_month_num_1\" style=\"\"><div id=\"calendar_booking1\"  class=\"wpbc_calendar_id_1\" >\t<div class=\"calendar_loader_frame calendar_loader_frame1\"\r\n\t\tdata-wpbc-rid=\"1\"\r\n\t\tdata-wpbc-grace=\"8000\"\r\n\t\tstyle=\"--wpbc-loader-cols: 1;\"\r\n\t>\r\n\t\t<div class=\"calendar_loader_text\">Indl\u00e6ser...<\/div>\r\n\t\t<div class=\"calendar_loader_frame__progress_line_container\">\r\n\t\t\t<div class=\"calendar_loader_frame__progress_line\"><\/div>\r\n\t\t<\/div>\r\n\t<\/div>\r\n\t<\/div><\/div><textarea id=\"date_booking1\" name=\"date_booking1\" autocomplete=\"off\" style=\"display:none;\"><\/textarea><div class=\"block_hints datepick \"><div class=\"wpdev_hint_with_text\"><div class=\"\"><div class=\"datepick-inline wpbc_calendar_legend_table_width_height\"><table class=\"datepick wpbc_calendar\" style=\"\"><tbody><tr><td class=\"datepick-days-cell date_available wpbc_calendar_legend_day_cell_height\"><div class=\"wpbc-cell-box\">\t<div class=\"date-cell-content\">\t\t<div class=\"date-content-top\"><\/div>\t\t<a>06<\/a>\t\t<div class=\"date-content-bottom\"><\/div>\t<\/div><\/div><\/td><\/tr><\/tbody><\/table><\/div><\/div><div class=\"block_text\">- <\/div><div class=\"block_text\">Beschikbaar<\/div><\/div><div class=\"wpdev_hint_with_text\"><div class=\"\"><div class=\"datepick-inline wpbc_calendar_legend_table_width_height\"><table class=\"datepick wpbc_calendar\" style=\"\"><tbody><tr><td class=\"datepick-days-cell datepick-unselectable date_user_unavailable full_day_booking date_approved wpbc_calendar_legend_day_cell_height\"><div class=\"wpbc-cell-box\">\t<div class=\"date-cell-content\">\t\t<div class=\"date-content-top\"><\/div>\t\t<span>06<\/span>\t\t<div class=\"date-content-bottom\"><\/div>\t<\/div><\/div><\/td><\/tr><\/tbody><\/table><\/div><\/div><div class=\"block_text\">- <\/div><div class=\"block_text\">Geboekt<\/div><\/div><div class=\"wpdev_hint_with_text\"><div class=\"\"><div class=\"datepick-inline wpbc_calendar_legend_table_width_height\"><table class=\"datepick wpbc_calendar\" style=\"\"><tbody><tr><td class=\"datepick-days-cell datepick-unselectable date_user_unavailable full_day_booking date2approve wpbc_calendar_legend_day_cell_height\"><div class=\"wpbc-cell-box\">\t<div class=\"date-cell-content\">\t\t<div class=\"date-content-top\"><\/div>\t\t<span>06<\/span>\t\t<div class=\"date-content-bottom\"><\/div>\t<\/div><\/div><\/td><\/tr><\/tbody><\/table><\/div><\/div><div class=\"block_text\">- <\/div><div class=\"block_text\">In afwachting<\/div><\/div><div class=\"wpdev_hint_with_text\"><div class=\"\"><span class=\" wpbc_change_over_triangle\"><div class=\"datepick-inline wpbc_calendar_legend_table_width_height\"><table class=\"datepick wpbc_calendar\" style=\"\"><tbody><tr><td class=\"datepick-days-cell date_available date2approve timespartly times_clock wpbc_calendar_legend_day_cell_height\"><div class=\"wpbc-cell-box\">\t<div class=\"wpbc-diagonal-el\">\t\t<div class=\"wpbc-co-out\"><svg height=\"100%\" width=\"100%\" viewBox=\"0 0 100 100\" preserveAspectRatio=\"none\"><polygon points=\"0,0 0,99 99,0\"><\/polygon><polygon points=\"0,0 0,100 49,100 49,0\"><\/polygon><\/svg><\/div>\t\t<div class=\"wpbc-co-in\"><svg height=\"100%\" width=\"100%\" viewBox=\"0 0 98 98\" preserveAspectRatio=\"none\"><polygon points=\"0,99 99,99 99,0\"><\/polygon><polygon points=\"50,98 98,98 98,0 50,0\"><\/polygon><\/svg><\/div>\t<\/div>\t<div class=\"date-cell-content\">\t\t<div class=\"date-content-top\"><div class=\"wpbc_time_dots\">\u00b7<\/div><\/div>\t\t<a>06<\/a>\t\t<div class=\"date-content-bottom\"><\/div>\t<\/div><\/div><\/td><\/tr><\/tbody><\/table><\/div><\/span><\/div><div class=\"block_text\">- <\/div><div class=\"block_text\">Gedeeltelijk geboekt<\/div><\/div><\/div><\/div> <\/div>\n\t\t\t<\/div>\n\t\t<\/div>\n\t\t\t<div style=\"margin-top:0;\" class=\"wpbc__field\"> \n\t\t\t<div class=\"wpbc__row\">\n\t\t\t\t<div class=\"wpbc_r_rangetime wpbc__field\"> <label>Selecteer tijd*<\/label><br><span class=\"wpbc_wrap_select wpdev-form-control-wrap rangetime1\"><select onchange=\"javascript:if(typeof( wpbc_show_cost_hints_after_few_seconds )=='function'){wpbc_show_cost_hints_after_few_seconds(1);}\" name=\"rangetime1\" autocomplete=\"rangetime\" class=\"wpdev-validates-as-required\"><option value=\"09:00 - 11:00\">09:00 - 11:00<\/option><option value=\"11:00 - 13:00\">11:00 - 13:00<\/option><option value=\"13:00 - 15:00\">13:00 - 15:00<\/option><option value=\"15:00 - 17:00\">15:00 - 17:00<\/option><\/select><\/span> <\/div>\n\t\t\t<\/div>\n\t\t<\/div>\n    <\/div>\n    <hr><div style=\"flex-flow: row nowrap;\" class=\"wpbc__row\">\n\t\t\t<div style=\"justify-content: flex-end;\" class=\"wpbc__field\">\n     \t\t<a class=\"wpbc_button_light wpbc_wizard_step_button wpbc_wizard_step_2\" >\n\t\t\t\tVolgende\n\t\t\t\t<\/a>\n\t\t\t<\/div>\n    <\/div>\n  <\/div>\n  <div class=\"wpbc_wizard_step wpbc__form__div wpbc_wizard_step2 wpbc_wizard_step_hidden\" style=\"display:none;clear:both;\">\n<div class=\"wpbc__form__div\">\n\t\t\t<div class=\"wpbc__row\">\n\t\t\t\t<div class=\"wpbc_r_bedrijfsnaam wpbc__field\"> <label>Bedrijfsnaam*<\/label><br><span class=\"wpbc_wrap_text wpdev-form-control-wrap bedrijfsnaam1\"><input type=\"text\" name=\"bedrijfsnaam1\" value=\"\" autocomplete=\"bedrijfsnaam\" class=\"wpdev-validates-as-required\" size=\"40\" \/><\/span> <\/div>\n\n\t\t\t\t<div class=\"wpbc_r_name wpbc__field\"> <label>Voornaam*<\/label><br><span class=\"wpbc_wrap_text wpdev-form-control-wrap name1\"><input type=\"text\" name=\"name1\" value=\"\" autocomplete=\"name\" class=\"wpdev-validates-as-required\" size=\"40\" \/><\/span> <\/div>\n\t\t\t<\/div>\n\t\t\t<div class=\"wpbc__row\">\n\t\t\t\t<div class=\"wpbc_r_secondname wpbc__field\"> <label>Achternaam*<\/label><br><span class=\"wpbc_wrap_text wpdev-form-control-wrap secondname1\"><input type=\"text\" name=\"secondname1\" value=\"\" autocomplete=\"secondname\" class=\"wpdev-validates-as-required\" size=\"40\" \/><\/span> <\/div>\n\n\t\t\t\t<div class=\"wpbc_r_email wpbc__field\"> <label>E-mail*<\/label><br><span class=\"wpbc_wrap_text wpdev-form-control-wrap email1\"><input type=\"email\" name=\"email1\" value=\"\" autocomplete=\"email\" class=\"wpdev-validates-as-email wpdev-validates-as-required\" size=\"40\" \/><\/span> <\/div>\n\t\t\t<\/div>\n\t\t\t<div class=\"wpbc__row\">\n\t\t\t\t<div class=\"wpbc_r_phone wpbc__field\"> <label>Telefoon<\/label><br><span class=\"wpbc_wrap_text wpdev-form-control-wrap phone1\"><input type=\"text\" name=\"phone1\" value=\"\" autocomplete=\"phone\" size=\"40\" \/><\/span> <\/div>\n\t\t\t<\/div>\n\t\t\t<div class=\"wpbc__row\">\n\t\t\t\t<div class=\"wpbc_r_details wpbc__field\"> <label>Bericht<\/label><br><span class=\"wpbc_wrap_textarea wpdev-form-control-wrap details1\"><textarea name=\"details1\" autocomplete=\"details\"><\/textarea><\/span> <\/div>\n\t\t\t<\/div>\n<\/div>\n    <hr><div style=\"flex-flow: row nowrap;\" class=\"wpbc__row\">\n\t\t\t<div style=\"justify-content: flex-start;\" class=\"wpbc__field\">\n     \t\t<a class=\"wpbc_button_light wpbc_wizard_step_button wpbc_wizard_step_1\" >\n\t\t\t\tBack\n\t\t\t\t<\/a>\n\t\t\t<\/div>\n      <div style=\"justify-content: flex-end;\" class=\"wpbc__field\">\n<input type=\"button\" value=\"Verzend\" class=\"wpbc_button_light  btn btn\" onclick=\"wpbc_booking_form_submit(this.form,1, 'da_DK');\" \/>      <\/div>\n    <\/div>\n  <\/div>\n<\/div><input id=\"bk_type1\" name=\"bk_type1\" class=\"\" type=\"hidden\" value=\"1\" \/><\/div><div id=\"submiting1\"><\/div><div class=\"form_bk_messages\" id=\"form_bk_messages1\" ><\/div><input type=\"hidden\" id=\"wpbc_nonceCALCULATE_THE_COST1\" name=\"wpbc_nonceCALCULATE_THE_COST1\" value=\"4d493b1d80\" \/><input type=\"hidden\" name=\"_wp_http_referer\" value=\"\/da\/wp-json\/wp\/v2\/pages\/13786\" \/><\/form><\/div><div id=\"booking_form_garbage1\" class=\"booking_form_garbage\"><\/div> \t\t\t\t<\/div>\n\t\t\t\t<\/div>\n\t\t\t\t\t<\/div>\n\t\t\t\t<\/div>\n\t\t<div class=\"elementor-element elementor-element-70ee2f7 e-flex e-con-boxed e-con e-parent\" data-id=\"70ee2f7\" data-element_type=\"container\" data-e-type=\"container\">\n\t\t\t\t\t<div class=\"e-con-inner\">\n\t\t\t\t\t<\/div>\n\t\t\t\t<\/div>\n\t\t<div class=\"elementor-element elementor-element-15b2486 e-flex e-con-boxed e-con e-parent\" data-id=\"15b2486\" data-element_type=\"container\" data-e-type=\"container\">\n\t\t\t\t\t<div class=\"e-con-inner\">\n\t\t\t\t<div class=\"elementor-element elementor-element-7056597 elementor-align-center elementor-widget elementor-widget-raven-button\" data-id=\"7056597\" data-element_type=\"widget\" data-e-type=\"widget\" data-settings=\"{&quot;turn_to_popup_action_button&quot;:&quot;no&quot;}\" data-widget_type=\"raven-button.default\">\n\t\t\t\t<div class=\"elementor-widget-container\">\n\t\t\t\t\t\t\t<div class=\"raven-widget-wrapper\">\n\t\t\t<a class=\"raven-button raven-button-widget-normal-effect-none elementor-button raven-button-text-align-center raven-button-link elementor-animation-none\" href=\"#top\">\t\t\t\t<div class=\"raven-button-overlay\" ><\/div>\n\t\t\t\t<span class=\"raven-button-content\">\n\t\t\t\t\t\n\t\t\t\t\t<div class=\"button-text-container\">\n\t\t\t\t\t\t\t\t\t<span class=\"raven-button-icon raven-button-icon-position-left\">\n\t\t\t\t<svg aria-hidden=\"true\" class=\"e-font-icon-svg e-fas-chevron-circle-up\" viewBox=\"0 0 512 512\" xmlns=\"http:\/\/www.w3.org\/2000\/svg\"><path d=\"M8 256C8 119 119 8 256 8s248 111 248 248-111 248-248 248S8 393 8 256zm231-113.9L103.5 277.6c-9.4 9.4-9.4 24.6 0 33.9l17 17c9.4 9.4 24.6 9.4 33.9 0L256 226.9l101.6 101.6c9.4 9.4 24.6 9.4 33.9 0l17-17c9.4-9.4 9.4-24.6 0-33.9L273 142.1c-9.4-9.4-24.6-9.4-34 0z\"><\/path><\/svg>\t\t\t<\/span>\n\t\t\t\t\t\t\t\t<div class=\"raven-button-texts-wrapper\">\n\t\t\t\t\t\t\t<div class=\"button-text\">\n\t\t\t\t\t\t\t\t<span class=\"raven-button-text\">\n\t\t\t\t\t\t\t\t\tTilbage til toppen\t\t\t\t\t\t\t\t<\/span>\n\t\t\t\t\t\t\t<\/div>\n\t\t\t\t\t\t\t\t\t\t\t\t\t<\/div>\n\t\t\t\t\t\t\t\t\t\t\t<\/div>\n\t\t\t\t\t\n\t\t\t\t\t\t\t\t\t<\/span>\n\t\t\t<\/a>\t\t<\/div>\n\t\t\t\t\t\t<\/div>\n\t\t\t\t<\/div>\n\t\t\t\t\t<\/div>\n\t\t\t\t<\/div>\n\t\t\t\t<\/div>\n\t\t","protected":false},"excerpt":{"rendered":"<p>Planl\u00e6g nemt din showroomaftale her: Selecteer datum* Aan het laden&#8230; 21 &#8211; Beschikbaar 21 &#8211; Geboekt 21 &#8211; In afwachting \u00b7 21 &#8211; Gedeeltelijk geboekt Selecteer tijd*09:00 &#8211; 11:0011:00 &#8211; 13:0013:00 &#8211; 15:0015:00 &#8211; 17:00 Volgende Bedrijfsnaam* Voornaam* Achternaam* E-mail* Telefoon Bericht Back Tilbage til toppen<\/p>\n","protected":false},"author":1,"featured_media":0,"parent":0,"menu_order":0,"comment_status":"closed","ping_status":"closed","template":"elementor_header_footer","meta":{"_acf_changed":false,"footnotes":""},"class_list":["post-13786","page","type-page","status-publish","hentry"],"acf":[],"yoast_head":"<!-- This site is optimized with the Yoast SEO plugin v27.5 - https:\/\/yoast.com\/product\/yoast-seo-wordpress\/ -->\n<title>Book en showroomaftale - safarilodgetent<\/title>\n<meta name=\"description\" content=\"Du kan nemt lave en showroomaftale via planl\u00e6ggeren p\u00e5 vores hjemmeside. Vi gl\u00e6der os til at se dig snart i vores showroom!\" \/>\n<meta name=\"robots\" content=\"index, follow, max-snippet:-1, max-image-preview:large, max-video-preview:-1\" \/>\n<link rel=\"canonical\" href=\"https:\/\/safarilodgetent.com\/da\/book-en-showroomaftale\/\" \/>\n<meta property=\"og:locale\" content=\"da_DK\" \/>\n<meta property=\"og:type\" content=\"article\" \/>\n<meta property=\"og:title\" content=\"Book en showroomaftale - safarilodgetent\" \/>\n<meta property=\"og:description\" content=\"Du kan nemt lave en showroomaftale via planl\u00e6ggeren p\u00e5 vores hjemmeside. Vi gl\u00e6der os til at se dig snart i vores showroom!\" \/>\n<meta property=\"og:url\" content=\"https:\/\/safarilodgetent.com\/da\/book-en-showroomaftale\/\" \/>\n<meta property=\"og:site_name\" content=\"safarilodgetent\" \/>\n<meta property=\"article:publisher\" content=\"https:\/\/www.facebook.com\/people\/Safarilodgetent\/61556780636477\/\" \/>\n<meta property=\"article:modified_time\" content=\"2026-04-21T09:32:09+00:00\" \/>\n<meta name=\"twitter:card\" content=\"summary_large_image\" \/>\n<script type=\"application\/ld+json\" class=\"yoast-schema-graph\">{\"@context\":\"https:\\\/\\\/schema.org\",\"@graph\":[{\"@type\":\"WebPage\",\"@id\":\"https:\\\/\\\/safarilodgetent.com\\\/da\\\/book-en-showroomaftale\\\/\",\"url\":\"https:\\\/\\\/safarilodgetent.com\\\/da\\\/book-en-showroomaftale\\\/\",\"name\":\"Book en showroomaftale - safarilodgetent\",\"isPartOf\":{\"@id\":\"https:\\\/\\\/safarilodgetent.com\\\/da\\\/#website\"},\"datePublished\":\"2025-12-09T08:36:52+00:00\",\"dateModified\":\"2026-04-21T09:32:09+00:00\",\"description\":\"Du kan nemt lave en showroomaftale via planl\u00e6ggeren p\u00e5 vores hjemmeside. Vi gl\u00e6der os til at se dig snart i vores showroom!\",\"breadcrumb\":{\"@id\":\"https:\\\/\\\/safarilodgetent.com\\\/da\\\/book-en-showroomaftale\\\/#breadcrumb\"},\"inLanguage\":\"da-DK\",\"potentialAction\":[{\"@type\":\"ReadAction\",\"target\":[\"https:\\\/\\\/safarilodgetent.com\\\/da\\\/book-en-showroomaftale\\\/\"]}]},{\"@type\":\"BreadcrumbList\",\"@id\":\"https:\\\/\\\/safarilodgetent.com\\\/da\\\/book-en-showroomaftale\\\/#breadcrumb\",\"itemListElement\":[{\"@type\":\"ListItem\",\"position\":1,\"name\":\"Home\",\"item\":\"https:\\\/\\\/safarilodgetent.com\\\/da\\\/\"},{\"@type\":\"ListItem\",\"position\":2,\"name\":\"Book en showroomaftale\"}]},{\"@type\":\"WebSite\",\"@id\":\"https:\\\/\\\/safarilodgetent.com\\\/da\\\/#website\",\"url\":\"https:\\\/\\\/safarilodgetent.com\\\/da\\\/\",\"name\":\"Safarilodgetent\",\"description\":\"\",\"publisher\":{\"@id\":\"https:\\\/\\\/safarilodgetent.com\\\/da\\\/#organization\"},\"potentialAction\":[{\"@type\":\"SearchAction\",\"target\":{\"@type\":\"EntryPoint\",\"urlTemplate\":\"https:\\\/\\\/safarilodgetent.com\\\/da\\\/?s={search_term_string}\"},\"query-input\":{\"@type\":\"PropertyValueSpecification\",\"valueRequired\":true,\"valueName\":\"search_term_string\"}}],\"inLanguage\":\"da-DK\"},{\"@type\":\"Organization\",\"@id\":\"https:\\\/\\\/safarilodgetent.com\\\/da\\\/#organization\",\"name\":\"Safarilodgetent\",\"url\":\"https:\\\/\\\/safarilodgetent.com\\\/da\\\/\",\"logo\":{\"@type\":\"ImageObject\",\"inLanguage\":\"da-DK\",\"@id\":\"https:\\\/\\\/safarilodgetent.com\\\/da\\\/#\\\/schema\\\/logo\\\/image\\\/\",\"url\":\"https:\\\/\\\/safarilodgetent.com\\\/wp-content\\\/uploads\\\/2025\\\/04\\\/SAF_001_logo_DEF_RGB.png\",\"contentUrl\":\"https:\\\/\\\/safarilodgetent.com\\\/wp-content\\\/uploads\\\/2025\\\/04\\\/SAF_001_logo_DEF_RGB.png\",\"width\":389,\"height\":199,\"caption\":\"Safarilodgetent\"},\"image\":{\"@id\":\"https:\\\/\\\/safarilodgetent.com\\\/da\\\/#\\\/schema\\\/logo\\\/image\\\/\"},\"sameAs\":[\"https:\\\/\\\/www.facebook.com\\\/people\\\/Safarilodgetent\\\/61556780636477\\\/\",\"https:\\\/\\\/www.instagram.com\\\/safarilodgetent_official\\\/\",\"https:\\\/\\\/www.linkedin.com\\\/company\\\/safarilodgetent\\\/\"]}]}<\/script>\n<!-- \/ Yoast SEO plugin. -->","yoast_head_json":{"title":"Book en showroomaftale - safarilodgetent","description":"Du kan nemt lave en showroomaftale via planl\u00e6ggeren p\u00e5 vores hjemmeside. Vi gl\u00e6der os til at se dig snart i vores showroom!","robots":{"index":"index","follow":"follow","max-snippet":"max-snippet:-1","max-image-preview":"max-image-preview:large","max-video-preview":"max-video-preview:-1"},"canonical":"https:\/\/safarilodgetent.com\/da\/book-en-showroomaftale\/","og_locale":"da_DK","og_type":"article","og_title":"Book en showroomaftale - safarilodgetent","og_description":"Du kan nemt lave en showroomaftale via planl\u00e6ggeren p\u00e5 vores hjemmeside. Vi gl\u00e6der os til at se dig snart i vores showroom!","og_url":"https:\/\/safarilodgetent.com\/da\/book-en-showroomaftale\/","og_site_name":"safarilodgetent","article_publisher":"https:\/\/www.facebook.com\/people\/Safarilodgetent\/61556780636477\/","article_modified_time":"2026-04-21T09:32:09+00:00","twitter_card":"summary_large_image","schema":{"@context":"https:\/\/schema.org","@graph":[{"@type":"WebPage","@id":"https:\/\/safarilodgetent.com\/da\/book-en-showroomaftale\/","url":"https:\/\/safarilodgetent.com\/da\/book-en-showroomaftale\/","name":"Book en showroomaftale - safarilodgetent","isPartOf":{"@id":"https:\/\/safarilodgetent.com\/da\/#website"},"datePublished":"2025-12-09T08:36:52+00:00","dateModified":"2026-04-21T09:32:09+00:00","description":"Du kan nemt lave en showroomaftale via planl\u00e6ggeren p\u00e5 vores hjemmeside. Vi gl\u00e6der os til at se dig snart i vores showroom!","breadcrumb":{"@id":"https:\/\/safarilodgetent.com\/da\/book-en-showroomaftale\/#breadcrumb"},"inLanguage":"da-DK","potentialAction":[{"@type":"ReadAction","target":["https:\/\/safarilodgetent.com\/da\/book-en-showroomaftale\/"]}]},{"@type":"BreadcrumbList","@id":"https:\/\/safarilodgetent.com\/da\/book-en-showroomaftale\/#breadcrumb","itemListElement":[{"@type":"ListItem","position":1,"name":"Home","item":"https:\/\/safarilodgetent.com\/da\/"},{"@type":"ListItem","position":2,"name":"Book en showroomaftale"}]},{"@type":"WebSite","@id":"https:\/\/safarilodgetent.com\/da\/#website","url":"https:\/\/safarilodgetent.com\/da\/","name":"Safarilodgetent","description":"","publisher":{"@id":"https:\/\/safarilodgetent.com\/da\/#organization"},"potentialAction":[{"@type":"SearchAction","target":{"@type":"EntryPoint","urlTemplate":"https:\/\/safarilodgetent.com\/da\/?s={search_term_string}"},"query-input":{"@type":"PropertyValueSpecification","valueRequired":true,"valueName":"search_term_string"}}],"inLanguage":"da-DK"},{"@type":"Organization","@id":"https:\/\/safarilodgetent.com\/da\/#organization","name":"Safarilodgetent","url":"https:\/\/safarilodgetent.com\/da\/","logo":{"@type":"ImageObject","inLanguage":"da-DK","@id":"https:\/\/safarilodgetent.com\/da\/#\/schema\/logo\/image\/","url":"https:\/\/safarilodgetent.com\/wp-content\/uploads\/2025\/04\/SAF_001_logo_DEF_RGB.png","contentUrl":"https:\/\/safarilodgetent.com\/wp-content\/uploads\/2025\/04\/SAF_001_logo_DEF_RGB.png","width":389,"height":199,"caption":"Safarilodgetent"},"image":{"@id":"https:\/\/safarilodgetent.com\/da\/#\/schema\/logo\/image\/"},"sameAs":["https:\/\/www.facebook.com\/people\/Safarilodgetent\/61556780636477\/","https:\/\/www.instagram.com\/safarilodgetent_official\/","https:\/\/www.linkedin.com\/company\/safarilodgetent\/"]}]}},"_links":{"self":[{"href":"https:\/\/safarilodgetent.com\/da\/wp-json\/wp\/v2\/pages\/13786","targetHints":{"allow":["GET"]}}],"collection":[{"href":"https:\/\/safarilodgetent.com\/da\/wp-json\/wp\/v2\/pages"}],"about":[{"href":"https:\/\/safarilodgetent.com\/da\/wp-json\/wp\/v2\/types\/page"}],"author":[{"embeddable":true,"href":"https:\/\/safarilodgetent.com\/da\/wp-json\/wp\/v2\/users\/1"}],"replies":[{"embeddable":true,"href":"https:\/\/safarilodgetent.com\/da\/wp-json\/wp\/v2\/comments?post=13786"}],"version-history":[{"count":2,"href":"https:\/\/safarilodgetent.com\/da\/wp-json\/wp\/v2\/pages\/13786\/revisions"}],"predecessor-version":[{"id":15438,"href":"https:\/\/safarilodgetent.com\/da\/wp-json\/wp\/v2\/pages\/13786\/revisions\/15438"}],"wp:attachment":[{"href":"https:\/\/safarilodgetent.com\/da\/wp-json\/wp\/v2\/media?parent=13786"}],"curies":[{"name":"wp","href":"https:\/\/api.w.org\/{rel}","templated":true}]}}